{"id":364,"date":"2024-04-22T11:00:33","date_gmt":"2024-04-22T11:00:33","guid":{"rendered":"https:\/\/rab.berlin\/?page_id=364"},"modified":"2024-12-16T09:48:01","modified_gmt":"2024-12-16T09:48:01","slug":"bereitschaftsdienst","status":"publish","type":"page","link":"https:\/\/rab.berlin\/en\/bereitschaftsdienst\/","title":{"rendered":"Bereitschaftsdienst"},"content":{"rendered":"<h1 class=\"wp-block-heading\" id=\"h-privatarztlicher-notdienst\">Privat\u00e4rztlicher Notdienst<\/h1>\n\n\n\n<p><\/p>","protected":false},"excerpt":{"rendered":"<p>Privat\u00e4rztlicher Notdienst<\/p>","protected":false},"author":1,"featured_media":0,"parent":0,"menu_order":0,"comment_status":"closed","ping_status":"closed","template":"template-bereitschaftsdienst-backup.php","meta":{"_acf_changed":false,"inline_featured_image":false,"footnotes":""},"class_list":["post-364","page","type-page","status-publish","hentry"],"acf":[],"yoast_head":"<!-- This site is optimized with the Yoast SEO Premium plugin v24.0 (Yoast SEO v27.2) - https:\/\/yoast.com\/product\/yoast-seo-premium-wordpress\/ -->\n<title>rab - aerztlicher bereitschaftsdienst - Hausbesuche f\u00fcr Berlin<\/title>\n<meta name=\"description\" content=\"Privat\u00e4rztlicher Bereitschaftsdienst und Notdienst f\u00fcr Privatpatienten &amp; Selbstzahler, Hausbesuch vom Arzt in Berlin &amp; Brandenburg.\" \/>\n<meta name=\"robots\" content=\"index, follow, max-snippet:-1, max-image-preview:large, max-video-preview:-1\" \/>\n<link rel=\"canonical\" href=\"https:\/\/rab.berlin\/en\/bereitschaftsdienst\/\" \/>\n<meta property=\"og:locale\" content=\"en_US\" \/>\n<meta property=\"og:type\" content=\"article\" \/>\n<meta property=\"og:title\" content=\"Bereitschaftsdienst\" \/>\n<meta property=\"og:description\" content=\"Privat\u00e4rztlicher Bereitschaftsdienst und Notdienst f\u00fcr Privatpatienten &amp; Selbstzahler, Hausbesuch vom Arzt in Berlin &amp; Brandenburg.\" \/>\n<meta property=\"og:url\" content=\"https:\/\/rab.berlin\/en\/bereitschaftsdienst\/\" \/>\n<meta property=\"og:site_name\" content=\"Privatpraxis Reiche\" \/>\n<meta property=\"article:modified_time\" content=\"2024-12-16T09:48:01+00:00\" \/>\n<meta name=\"twitter:card\" content=\"summary_large_image\" \/>\n<meta name=\"twitter:label1\" content=\"Est. reading time\" \/>\n\t<meta name=\"twitter:data1\" content=\"1 minute\" \/>\n<script type=\"application\/ld+json\" class=\"yoast-schema-graph\">{\"@context\":\"https:\/\/schema.org\",\"@graph\":[{\"@type\":\"WebPage\",\"@id\":\"https:\/\/rab.berlin\/bereitschaftsdienst\/\",\"url\":\"https:\/\/rab.berlin\/bereitschaftsdienst\/\",\"name\":\"rab - aerztlicher bereitschaftsdienst - Hausbesuche f\u00fcr Berlin\",\"isPartOf\":{\"@id\":\"https:\/\/rab.berlin\/#website\"},\"datePublished\":\"2024-04-22T11:00:33+00:00\",\"dateModified\":\"2024-12-16T09:48:01+00:00\",\"description\":\"Privat\u00e4rztlicher Bereitschaftsdienst und Notdienst f\u00fcr Privatpatienten & Selbstzahler, Hausbesuch vom Arzt in Berlin & Brandenburg.\",\"breadcrumb\":{\"@id\":\"https:\/\/rab.berlin\/bereitschaftsdienst\/#breadcrumb\"},\"inLanguage\":\"en-US\",\"potentialAction\":[{\"@type\":\"ReadAction\",\"target\":[\"https:\/\/rab.berlin\/bereitschaftsdienst\/\"]}]},{\"@type\":\"BreadcrumbList\",\"@id\":\"https:\/\/rab.berlin\/bereitschaftsdienst\/#breadcrumb\",\"itemListElement\":[{\"@type\":\"ListItem\",\"position\":1,\"name\":\"Home\",\"item\":\"https:\/\/rab.berlin\/\"},{\"@type\":\"ListItem\",\"position\":2,\"name\":\"Bereitschaftsdienst\"}]},{\"@type\":\"WebSite\",\"@id\":\"https:\/\/rab.berlin\/#website\",\"url\":\"https:\/\/rab.berlin\/\",\"name\":\"Privatpraxis Reiche - rab aerztlicher bereitschaftsdienst\",\"description\":\"\",\"publisher\":{\"@id\":\"https:\/\/rab.berlin\/#organization\"},\"potentialAction\":[{\"@type\":\"SearchAction\",\"target\":{\"@type\":\"EntryPoint\",\"urlTemplate\":\"https:\/\/rab.berlin\/?s={search_term_string}\"},\"query-input\":{\"@type\":\"PropertyValueSpecification\",\"valueRequired\":true,\"valueName\":\"search_term_string\"}}],\"inLanguage\":\"en-US\"},{\"@type\":\"Organization\",\"@id\":\"https:\/\/rab.berlin\/#organization\",\"name\":\"Privatpraxis Reiche - rab aerztlicher bereitschaftsdienst\",\"url\":\"https:\/\/rab.berlin\/\",\"logo\":{\"@type\":\"ImageObject\",\"inLanguage\":\"en-US\",\"@id\":\"https:\/\/rab.berlin\/#\/schema\/logo\/image\/\",\"url\":\"https:\/\/rab.berlin\/wp-content\/uploads\/2026\/03\/Logo1-rab-1.jpg\",\"contentUrl\":\"https:\/\/rab.berlin\/wp-content\/uploads\/2026\/03\/Logo1-rab-1.jpg\",\"width\":396,\"height\":396,\"caption\":\"Privatpraxis Reiche - rab aerztlicher bereitschaftsdienst\"},\"image\":{\"@id\":\"https:\/\/rab.berlin\/#\/schema\/logo\/image\/\"}}]}<\/script>\n<!-- \/ Yoast SEO Premium plugin. -->","yoast_head_json":{"title":"rab - aerztlicher bereitschaftsdienst - Hausbesuche f\u00fcr Berlin","description":"Privat\u00e4rztlicher Bereitschaftsdienst und Notdienst f\u00fcr Privatpatienten & Selbstzahler, Hausbesuch vom Arzt in Berlin & Brandenburg.","robots":{"index":"index","follow":"follow","max-snippet":"max-snippet:-1","max-image-preview":"max-image-preview:large","max-video-preview":"max-video-preview:-1"},"canonical":"https:\/\/rab.berlin\/en\/bereitschaftsdienst\/","og_locale":"en_US","og_type":"article","og_title":"Bereitschaftsdienst","og_description":"Privat\u00e4rztlicher Bereitschaftsdienst und Notdienst f\u00fcr Privatpatienten & Selbstzahler, Hausbesuch vom Arzt in Berlin & Brandenburg.","og_url":"https:\/\/rab.berlin\/en\/bereitschaftsdienst\/","og_site_name":"Privatpraxis Reiche","article_modified_time":"2024-12-16T09:48:01+00:00","twitter_card":"summary_large_image","twitter_misc":{"Est. reading time":"1 minute"},"schema":{"@context":"https:\/\/schema.org","@graph":[{"@type":"WebPage","@id":"https:\/\/rab.berlin\/bereitschaftsdienst\/","url":"https:\/\/rab.berlin\/bereitschaftsdienst\/","name":"rab - aerztlicher bereitschaftsdienst - Hausbesuche f\u00fcr Berlin","isPartOf":{"@id":"https:\/\/rab.berlin\/#website"},"datePublished":"2024-04-22T11:00:33+00:00","dateModified":"2024-12-16T09:48:01+00:00","description":"Privat\u00e4rztlicher Bereitschaftsdienst und Notdienst f\u00fcr Privatpatienten & Selbstzahler, Hausbesuch vom Arzt in Berlin & Brandenburg.","breadcrumb":{"@id":"https:\/\/rab.berlin\/bereitschaftsdienst\/#breadcrumb"},"inLanguage":"en-US","potentialAction":[{"@type":"ReadAction","target":["https:\/\/rab.berlin\/bereitschaftsdienst\/"]}]},{"@type":"BreadcrumbList","@id":"https:\/\/rab.berlin\/bereitschaftsdienst\/#breadcrumb","itemListElement":[{"@type":"ListItem","position":1,"name":"Home","item":"https:\/\/rab.berlin\/"},{"@type":"ListItem","position":2,"name":"Bereitschaftsdienst"}]},{"@type":"WebSite","@id":"https:\/\/rab.berlin\/#website","url":"https:\/\/rab.berlin\/","name":"Privatpraxis Reiche - rab aerztlicher bereitschaftsdienst","description":"","publisher":{"@id":"https:\/\/rab.berlin\/#organization"},"potentialAction":[{"@type":"SearchAction","target":{"@type":"EntryPoint","urlTemplate":"https:\/\/rab.berlin\/?s={search_term_string}"},"query-input":{"@type":"PropertyValueSpecification","valueRequired":true,"valueName":"search_term_string"}}],"inLanguage":"en-US"},{"@type":"Organization","@id":"https:\/\/rab.berlin\/#organization","name":"Privatpraxis Reiche - rab aerztlicher bereitschaftsdienst","url":"https:\/\/rab.berlin\/","logo":{"@type":"ImageObject","inLanguage":"en-US","@id":"https:\/\/rab.berlin\/#\/schema\/logo\/image\/","url":"https:\/\/rab.berlin\/wp-content\/uploads\/2026\/03\/Logo1-rab-1.jpg","contentUrl":"https:\/\/rab.berlin\/wp-content\/uploads\/2026\/03\/Logo1-rab-1.jpg","width":396,"height":396,"caption":"Privatpraxis Reiche - rab aerztlicher bereitschaftsdienst"},"image":{"@id":"https:\/\/rab.berlin\/#\/schema\/logo\/image\/"}}]}},"_links":{"self":[{"href":"https:\/\/rab.berlin\/en\/wp-json\/wp\/v2\/pages\/364","targetHints":{"allow":["GET"]}}],"collection":[{"href":"https:\/\/rab.berlin\/en\/wp-json\/wp\/v2\/pages"}],"about":[{"href":"https:\/\/rab.berlin\/en\/wp-json\/wp\/v2\/types\/page"}],"author":[{"embeddable":true,"href":"https:\/\/rab.berlin\/en\/wp-json\/wp\/v2\/users\/1"}],"replies":[{"embeddable":true,"href":"https:\/\/rab.berlin\/en\/wp-json\/wp\/v2\/comments?post=364"}],"version-history":[{"count":112,"href":"https:\/\/rab.berlin\/en\/wp-json\/wp\/v2\/pages\/364\/revisions"}],"predecessor-version":[{"id":656,"href":"https:\/\/rab.berlin\/en\/wp-json\/wp\/v2\/pages\/364\/revisions\/656"}],"wp:attachment":[{"href":"https:\/\/rab.berlin\/en\/wp-json\/wp\/v2\/media?parent=364"}],"curies":[{"name":"wp","href":"https:\/\/api.w.org\/{rel}","templated":true}]}}